{"id":63,"date":"2022-06-29T14:10:49","date_gmt":"2022-06-29T14:10:49","guid":{"rendered":"https:\/\/gravity-neupre.com\/?page_id=63"},"modified":"2025-08-05T04:56:58","modified_gmt":"2025-08-05T04:56:58","slug":"granita","status":"publish","type":"page","link":"https:\/\/gravity-neupre.com\/?page_id=63","title":{"rendered":"Granita"},"content":{"rendered":"<p>[et_pb_section fb_built=\u00a0\u00bb1&Prime; admin_label=\u00a0\u00bbHero Section\u00a0\u00bb _builder_version=\u00a0\u00bb4.16&Prime; _module_preset=\u00a0\u00bbdefault\u00a0\u00bb use_background_color_gradient=\u00a0\u00bbon\u00a0\u00bb background_color_gradient_direction=\u00a0\u00bb131deg\u00a0\u00bb background_color_gradient_stops=\u00a0\u00bb#ff6a88 0%|#ff99ac 100%\u00a0\u00bb background_color_gradient_start=\u00a0\u00bb#ff6a88&Prime; background_color_gradient_end=\u00a0\u00bb#ff99ac\u00a0\u00bb custom_padding=\u00a0\u00bb80px|0px|80px|0px\u00a0\u00bb animation_style=\u00a0\u00bbslide\u00a0\u00bb animation_direction=\u00a0\u00bbtop\u00a0\u00bb animation_intensity_slide=\u00a0\u00bb2%\u00a0\u00bb animation_starting_opacity=\u00a0\u00bb100%\u00a0\u00bb locked=\u00a0\u00bboff\u00a0\u00bb global_colors_info=\u00a0\u00bb{}\u00a0\u00bb][et_pb_row _builder_version=\u00a0\u00bb4.16&Prime; _module_preset=\u00a0\u00bbdefault\u00a0\u00bb background_size=\u00a0\u00bbinitial\u00a0\u00bb background_position=\u00a0\u00bbtop_left\u00a0\u00bb background_repeat=\u00a0\u00bbrepeat\u00a0\u00bb custom_padding=\u00a0\u00bb|||\u00a0\u00bb custom_width_px=\u00a0\u00bb1440px\u00a0\u00bb global_colors_info=\u00a0\u00bb{}\u00a0\u00bb][et_pb_column type=\u00a0\u00bb4_4&Prime; _builder_version=\u00a0\u00bb4.16&Prime; _module_preset=\u00a0\u00bbdefault\u00a0\u00bb custom_padding=\u00a0\u00bb|||\u00a0\u00bb global_colors_info=\u00a0\u00bb{}\u00a0\u00bb custom_padding__hover=\u00a0\u00bb|||\u00a0\u00bb][et_pb_text _builder_version=\u00a0\u00bb4.17.4&Prime; _module_preset=\u00a0\u00bbdefault\u00a0\u00bb text_font=\u00a0\u00bb||||||||\u00a0\u00bb header_font=\u00a0\u00bbPlayfair Display|700|||||||\u00a0\u00bb header_text_color=\u00a0\u00bb#ffffff\u00a0\u00bb header_font_size=\u00a0\u00bb60px\u00a0\u00bb header_line_height=\u00a0\u00bb1.5em\u00a0\u00bb header_2_font=\u00a0\u00bb||||||||\u00a0\u00bb header_3_font=\u00a0\u00bb||||||||\u00a0\u00bb header_4_font=\u00a0\u00bb||||||||\u00a0\u00bb header_5_font=\u00a0\u00bb||||||||\u00a0\u00bb header_6_font=\u00a0\u00bb||||||||\u00a0\u00bb background_size=\u00a0\u00bbinitial\u00a0\u00bb background_position=\u00a0\u00bbtop_left\u00a0\u00bb background_repeat=\u00a0\u00bbrepeat\u00a0\u00bb text_orientation=\u00a0\u00bbcenter\u00a0\u00bb module_alignment=\u00a0\u00bbcenter\u00a0\u00bb custom_margin=\u00a0\u00bb||20px|\u00a0\u00bb locked=\u00a0\u00bboff\u00a0\u00bb global_colors_info=\u00a0\u00bb{}\u00a0\u00bb]<\/p>\n<h1>GRANITA<\/h1>\n<p>[\/et_pb_text][et_pb_divider color=\u00a0\u00bb#f7d584&Prime; divider_weight=\u00a0\u00bb3px\u00a0\u00bb disabled_on=\u00a0\u00bbon|on|off\u00a0\u00bb _builder_version=\u00a0\u00bb4.16&Prime; _module_preset=\u00a0\u00bbdefault\u00a0\u00bb max_width=\u00a0\u00bb80px\u00a0\u00bb module_alignment=\u00a0\u00bbcenter\u00a0\u00bb height=\u00a0\u00bb10px\u00a0\u00bb custom_margin=\u00a0\u00bb||20px|\u00a0\u00bb animation_style=\u00a0\u00bbslide\u00a0\u00bb animation_direction=\u00a0\u00bbbottom\u00a0\u00bb saved_tabs=\u00a0\u00bball\u00a0\u00bb locked=\u00a0\u00bboff\u00a0\u00bb global_colors_info=\u00a0\u00bb{}\u00a0\u00bb][\/et_pb_divider][et_pb_text _builder_version=\u00a0\u00bb4.16&Prime; _module_preset=\u00a0\u00bbdefault\u00a0\u00bb text_font=\u00a0\u00bbPoppins||||||||\u00a0\u00bb text_text_color=\u00a0\u00bbrgba(255,255,255,0.8)\u00a0\u00bb text_font_size=\u00a0\u00bb18px\u00a0\u00bb text_line_height=\u00a0\u00bb1.8em\u00a0\u00bb header_font=\u00a0\u00bb||||||||\u00a0\u00bb text_orientation=\u00a0\u00bbcenter\u00a0\u00bb max_width=\u00a0\u00bb600px\u00a0\u00bb module_alignment=\u00a0\u00bbcenter\u00a0\u00bb locked=\u00a0\u00bboff\u00a0\u00bb global_colors_info=\u00a0\u00bb{}\u00a0\u00bb][\/et_pb_text][\/et_pb_column][\/et_pb_row][\/et_pb_section][et_pb_section fb_built=\u00a0\u00bb1&Prime; _builder_version=\u00a0\u00bb4.16&Prime; _module_preset=\u00a0\u00bbdefault\u00a0\u00bb custom_padding=\u00a0\u00bb160px|0px|54px|0px\u00a0\u00bb global_colors_info=\u00a0\u00bb{}\u00a0\u00bb][et_pb_row column_structure=\u00a0\u00bb1_2,1_2&Prime; make_equal=\u00a0\u00bbon\u00a0\u00bb _builder_version=\u00a0\u00bb4.17.4&Prime; _module_preset=\u00a0\u00bbdefault\u00a0\u00bb background_size=\u00a0\u00bbinitial\u00a0\u00bb background_position=\u00a0\u00bbtop_left\u00a0\u00bb background_repeat=\u00a0\u00bbrepeat\u00a0\u00bb module_alignment=\u00a0\u00bbcenter\u00a0\u00bb custom_margin=\u00a0\u00bb|411px|100px|20px||\u00a0\u00bb custom_padding=\u00a0\u00bb0px||0px|\u00a0\u00bb animation_style=\u00a0\u00bbslide\u00a0\u00bb animation_direction=\u00a0\u00bbtop\u00a0\u00bb animation_intensity_slide=\u00a0\u00bb2%\u00a0\u00bb animation_starting_opacity=\u00a0\u00bb100%\u00a0\u00bb box_shadow_style=\u00a0\u00bbpreset3&Prime; box_shadow_vertical=\u00a0\u00bb40px\u00a0\u00bb box_shadow_blur=\u00a0\u00bb50px\u00a0\u00bb box_shadow_color=\u00a0\u00bbrgba(0,0,0,0.1)\u00a0\u00bb global_colors_info=\u00a0\u00bb{}\u00a0\u00bb][et_pb_column type=\u00a0\u00bb1_2&Prime; _builder_version=\u00a0\u00bb4.16&Prime; _module_preset=\u00a0\u00bbdefault\u00a0\u00bb use_background_color_gradient=\u00a0\u00bbon\u00a0\u00bb background_color_gradient_direction=\u00a0\u00bb35deg\u00a0\u00bb background_color_gradient_stops=\u00a0\u00bb#ff6a88 0%|#ff99ac 100%\u00a0\u00bb background_color_gradient_start=\u00a0\u00bb#ff6a88&Prime; background_color_gradient_end=\u00a0\u00bb#ff99ac\u00a0\u00bb custom_padding=\u00a0\u00bb|5%||5%\u00a0\u00bb global_colors_info=\u00a0\u00bb{}\u00a0\u00bb custom_padding__hover=\u00a0\u00bb|||\u00a0\u00bb][et_pb_image src=\u00a0\u00bbhttps:\/\/gravity-neupre.com\/wp-content\/uploads\/2023\/10\/396386700_1491095271736028_4044631555200282079_n-rotated.jpg\u00a0\u00bb title_text=\u00a0\u00bb396386700_1491095271736028_4044631555200282079_n\u00a0\u00bb _builder_version=\u00a0\u00bb4.22.1&Prime; _module_preset=\u00a0\u00bbdefault\u00a0\u00bb custom_padding=\u00a0\u00bb|||0px||\u00a0\u00bb global_colors_info=\u00a0\u00bb{}\u00a0\u00bb][\/et_pb_image][et_pb_image src=\u00a0\u00bbhttps:\/\/gravity-neupre.com\/wp-content\/uploads\/2023\/12\/Granita-scaled.jpg\u00a0\u00bb title_text=\u00a0\u00bbGranita\u00a0\u00bb _builder_version=\u00a0\u00bb4.23.1&Prime; _module_preset=\u00a0\u00bbdefault\u00a0\u00bb global_colors_info=\u00a0\u00bb{}\u00a0\u00bb][\/et_pb_image][\/et_pb_column][et_pb_column type=\u00a0\u00bb1_2&Prime; _builder_version=\u00a0\u00bb4.16&Prime; _module_preset=\u00a0\u00bbdefault\u00a0\u00bb custom_padding=\u00a0\u00bb40px|40px|40px|40px\u00a0\u00bb global_colors_info=\u00a0\u00bb{}\u00a0\u00bb custom_padding__hover=\u00a0\u00bb|||\u00a0\u00bb][et_pb_divider color=\u00a0\u00bb#f7d584&Prime; divider_weight=\u00a0\u00bb3px\u00a0\u00bb disabled_on=\u00a0\u00bbon|on|off\u00a0\u00bb _builder_version=\u00a0\u00bb4.17.4&Prime; _module_preset=\u00a0\u00bbdefault\u00a0\u00bb max_width=\u00a0\u00bb80px\u00a0\u00bb module_alignment=\u00a0\u00bbleft\u00a0\u00bb height=\u00a0\u00bb10px\u00a0\u00bb custom_margin=\u00a0\u00bb||20px|\u00a0\u00bb animation_style=\u00a0\u00bbslide\u00a0\u00bb animation_direction=\u00a0\u00bbbottom\u00a0\u00bb saved_tabs=\u00a0\u00bball\u00a0\u00bb locked=\u00a0\u00bboff\u00a0\u00bb global_colors_info=\u00a0\u00bb{}\u00a0\u00bb][\/et_pb_divider][et_pb_text _builder_version=\u00a0\u00bb4.23.1&Prime; _module_preset=\u00a0\u00bbdefault\u00a0\u00bb text_font=\u00a0\u00bbPoppins||||||||\u00a0\u00bb text_text_color=\u00a0\u00bbrgba(0,0,0,0.4)\u00a0\u00bb text_font_size=\u00a0\u00bb16px\u00a0\u00bb text_line_height=\u00a0\u00bb1.9em\u00a0\u00bb header_font=\u00a0\u00bb||||||||\u00a0\u00bb header_2_font=\u00a0\u00bb||||||||\u00a0\u00bb module_alignment=\u00a0\u00bbcenter\u00a0\u00bb custom_margin=\u00a0\u00bb||28px|||\u00a0\u00bb hover_enabled=\u00a0\u00bb0&Prime; global_colors_info=\u00a0\u00bb{}\u00a0\u00bb sticky_enabled=\u00a0\u00bb0&Prime;]<\/p>\n<p><span style=\"color: #000000;\">Cuve de 10L <\/span><\/p>\n<h4><span style=\"color: #0000ff;\">Location 50\u20ac la journ\u00e9e<\/span><span style=\"color: #000000;\">\u00a0<\/span><\/h4>\n<p><span style=\"color: #000000;\"><span style=\"color: #ff0000;\">25\u20ac la journ\u00e9e suppl\u00e9mentaire<\/span><\/span><br \/><span style=\"color: #000000;\"><\/span><\/p>\n<p><span style=\"color: #000000;\"><\/span><\/p>\n<p><span style=\"color: #000000;\"><span style=\"color: #0000ff;\">La machine est lou\u00e9e avec 6L de sirop pr\u00eat \u00e0 l&#8217;emploi (+-25 granitas), 25 gobelets (20cl), 25 pailles inclus dans le prix<\/span><\/span><\/p>\n<p><span style=\"color: #000000;\">6 go\u00fbts <span style=\"color: #ff0000;\">FRAMBOISE,<\/span>\u00a0<span style=\"color: #3366ff;\"><span style=\"color: #0637e8;\">TROPICAL<\/span>, \u00a0<span style=\"color: #c48a27;\">PASTEQUE, <span style=\"color: #ff6600;\">CITRON<\/span>, COLA\u00a0<\/span><\/span><\/span><\/p>\n<p><span style=\"color: #000000;\">Possibilit\u00e9 de commander plus de granitas Pack 6L de sirop pr\u00eat \u00e0 l&#8217;emploi + 25 gobelets + 25 pailles =&gt; 10\u20ac <\/span><\/p>\n<p><span style=\"color: #000000;\">La livraison <\/span><span style=\"color: #000000;\">gratuite de la machine sans ch\u00e2teau gonflable est de 15km autour de Neupr\u00e9 (possibilit\u00e9 de plus loin, mais avec frais de d\u00e9placement dans ce cas) <\/span><\/p>\n<p><span style=\"color: #000000;\">Livraison gratuite avec un ch\u00e2teau jusque 25km autour de Neupr\u00e9<\/span><\/p>\n<p>[\/et_pb_text][et_pb_text _builder_version=\u00a0\u00bb4.17.4&Prime; _module_preset=\u00a0\u00bbdefault\u00a0\u00bb text_font=\u00a0\u00bbPoppins||||||||\u00a0\u00bb text_text_color=\u00a0\u00bbrgba(0,0,0,0.4)\u00a0\u00bb text_font_size=\u00a0\u00bb16px\u00a0\u00bb text_line_height=\u00a0\u00bb1.9em\u00a0\u00bb header_font=\u00a0\u00bb||||||||\u00a0\u00bb header_2_font=\u00a0\u00bb||||||||\u00a0\u00bb module_alignment=\u00a0\u00bbcenter\u00a0\u00bb custom_margin=\u00a0\u00bb||30px|\u00a0\u00bb global_colors_info=\u00a0\u00bb{}\u00a0\u00bb][\/et_pb_text][\/et_pb_column][\/et_pb_row][et_pb_row column_structure=\u00a0\u00bb1_2,1_2&Prime; make_equal=\u00a0\u00bbon\u00a0\u00bb _builder_version=\u00a0\u00bb4.23.1&Prime; _module_preset=\u00a0\u00bbdefault\u00a0\u00bb background_size=\u00a0\u00bbinitial\u00a0\u00bb background_position=\u00a0\u00bbtop_left\u00a0\u00bb background_repeat=\u00a0\u00bbrepeat\u00a0\u00bb module_alignment=\u00a0\u00bbcenter\u00a0\u00bb custom_margin=\u00a0\u00bb|407px|100px|20px||\u00a0\u00bb custom_padding=\u00a0\u00bb0px||0px|\u00a0\u00bb animation_style=\u00a0\u00bbslide\u00a0\u00bb animation_direction=\u00a0\u00bbtop\u00a0\u00bb animation_intensity_slide=\u00a0\u00bb2%\u00a0\u00bb animation_starting_opacity=\u00a0\u00bb100%\u00a0\u00bb hover_enabled=\u00a0\u00bb0&Prime; box_shadow_style=\u00a0\u00bbpreset3&Prime; box_shadow_vertical=\u00a0\u00bb40px\u00a0\u00bb box_shadow_blur=\u00a0\u00bb50px\u00a0\u00bb box_shadow_color=\u00a0\u00bbrgba(0,0,0,0.1)\u00a0\u00bb global_colors_info=\u00a0\u00bb{}\u00a0\u00bb sticky_enabled=\u00a0\u00bb0&Prime;][et_pb_column type=\u00a0\u00bb1_2&Prime; _builder_version=\u00a0\u00bb4.16&Prime; _module_preset=\u00a0\u00bbdefault\u00a0\u00bb use_background_color_gradient=\u00a0\u00bbon\u00a0\u00bb background_color_gradient_direction=\u00a0\u00bb35deg\u00a0\u00bb background_color_gradient_stops=\u00a0\u00bb#ff6a88 0%|#ff99ac 100%\u00a0\u00bb background_color_gradient_start=\u00a0\u00bb#ff6a88&Prime; background_color_gradient_end=\u00a0\u00bb#ff99ac\u00a0\u00bb custom_padding=\u00a0\u00bb|5%||5%\u00a0\u00bb global_colors_info=\u00a0\u00bb{}\u00a0\u00bb custom_padding__hover=\u00a0\u00bb|||\u00a0\u00bb][et_pb_image src=\u00a0\u00bbhttps:\/\/gravity-neupre.com\/wp-content\/uploads\/2025\/08\/FROSTY-DREAM-2.jpg\u00a0\u00bb title_text=\u00a0\u00bbFROSTY-DREAM-2&Prime; _builder_version=\u00a0\u00bb4.23.1&Prime; _module_preset=\u00a0\u00bbdefault\u00a0\u00bb custom_padding=\u00a0\u00bb|||0px||\u00a0\u00bb hover_enabled=\u00a0\u00bb0&Prime; global_colors_info=\u00a0\u00bb{}\u00a0\u00bb sticky_enabled=\u00a0\u00bb0&Prime;][\/et_pb_image][\/et_pb_column][et_pb_column type=\u00a0\u00bb1_2&Prime; _builder_version=\u00a0\u00bb4.16&Prime; _module_preset=\u00a0\u00bbdefault\u00a0\u00bb custom_padding=\u00a0\u00bb40px|40px|40px|40px\u00a0\u00bb global_colors_info=\u00a0\u00bb{}\u00a0\u00bb custom_padding__hover=\u00a0\u00bb|||\u00a0\u00bb][et_pb_divider color=\u00a0\u00bb#f7d584&Prime; divider_weight=\u00a0\u00bb3px\u00a0\u00bb disabled_on=\u00a0\u00bbon|on|off\u00a0\u00bb _builder_version=\u00a0\u00bb4.23.1&Prime; _module_preset=\u00a0\u00bbdefault\u00a0\u00bb max_width=\u00a0\u00bb80px\u00a0\u00bb module_alignment=\u00a0\u00bbleft\u00a0\u00bb height=\u00a0\u00bb10px\u00a0\u00bb custom_margin=\u00a0\u00bb||20px|\u00a0\u00bb animation_style=\u00a0\u00bbslide\u00a0\u00bb animation_direction=\u00a0\u00bbbottom\u00a0\u00bb saved_tabs=\u00a0\u00bball\u00a0\u00bb locked=\u00a0\u00bboff\u00a0\u00bb global_colors_info=\u00a0\u00bb{}\u00a0\u00bb][\/et_pb_divider][et_pb_text _builder_version=\u00a0\u00bb4.23.1&Prime; _module_preset=\u00a0\u00bbdefault\u00a0\u00bb text_font=\u00a0\u00bbPoppins||||||||\u00a0\u00bb text_text_color=\u00a0\u00bbrgba(0,0,0,0.4)\u00a0\u00bb text_font_size=\u00a0\u00bb16px\u00a0\u00bb text_line_height=\u00a0\u00bb1.9em\u00a0\u00bb header_font=\u00a0\u00bb||||||||\u00a0\u00bb header_2_font=\u00a0\u00bb||||||||\u00a0\u00bb module_alignment=\u00a0\u00bbcenter\u00a0\u00bb custom_margin=\u00a0\u00bb||28px|||\u00a0\u00bb hover_enabled=\u00a0\u00bb0&Prime; global_colors_info=\u00a0\u00bb{}\u00a0\u00bb sticky_enabled=\u00a0\u00bb0&Prime;]<\/p>\n<p><span style=\"color: #000000;\">2 cuves de 10L <\/span><\/p>\n<h4><span style=\"color: #0000ff;\">Location 80\u20ac la journ\u00e9e<\/span><span style=\"color: #000000;\">\u00a0<\/span><\/h4>\n<p><span style=\"color: #000000;\"><span style=\"color: #ff0000;\">40\u20ac la journ\u00e9e suppl\u00e9mentaire<\/span><\/span><br \/><span style=\"color: #000000;\"><\/span><\/p>\n<p><span style=\"color: #000000;\"><\/span><\/p>\n<p><span style=\"color: #000000;\"><span style=\"color: #0000ff;\">La machine est lou\u00e9e avec 6L de sirop pr\u00eat \u00e0 l&#8217;emploi (+-25 granitas), 25 gobelets (20cl), 25 pailles inclus dans le prix<\/span><\/span><\/p>\n<p><span style=\"color: #000000;\">6 go\u00fbts <span style=\"color: #ff0000;\">FRAMBOISE,<\/span>\u00a0<span style=\"color: #3366ff;\"><span style=\"color: #0637e8;\">TROPICAL<\/span>, \u00a0<span style=\"color: #c48a27;\">PASTEQUE, <span style=\"color: #ff6600;\">CITRON<\/span>, COLA\u00a0<\/span><\/span><\/span><\/p>\n<p><span style=\"color: #000000;\">Possibilit\u00e9 de commander plus de granitas Pack 6L de sirop pr\u00eat \u00e0 l&#8217;emploi + 25 gobelets + 25 pailles =&gt; 10\u20ac <\/span><\/p>\n<p><span style=\"color: #000000;\">La livraison <\/span><span style=\"color: #000000;\">gratuite de la machine sans ch\u00e2teau gonflable est de 15km autour de Neupr\u00e9 (possibilit\u00e9 de plus loin, mais avec frais de d\u00e9placement dans ce cas) <\/span><\/p>\n<p><span style=\"color: #000000;\">Livraison gratuite avec un ch\u00e2teau jusque 25km autour de Neupr\u00e9<\/span><\/p>\n<p>[\/et_pb_text][et_pb_text _builder_version=\u00a0\u00bb4.17.4&Prime; _module_preset=\u00a0\u00bbdefault\u00a0\u00bb text_font=\u00a0\u00bbPoppins||||||||\u00a0\u00bb text_text_color=\u00a0\u00bbrgba(0,0,0,0.4)\u00a0\u00bb text_font_size=\u00a0\u00bb16px\u00a0\u00bb text_line_height=\u00a0\u00bb1.9em\u00a0\u00bb header_font=\u00a0\u00bb||||||||\u00a0\u00bb header_2_font=\u00a0\u00bb||||||||\u00a0\u00bb module_alignment=\u00a0\u00bbcenter\u00a0\u00bb custom_margin=\u00a0\u00bb||30px|\u00a0\u00bb global_colors_info=\u00a0\u00bb{}\u00a0\u00bb][\/et_pb_text][\/et_pb_column][\/et_pb_row][et_pb_row _builder_version=\u00a0\u00bb4.22.1&Prime; _module_preset=\u00a0\u00bbdefault\u00a0\u00bb global_colors_info=\u00a0\u00bb{}\u00a0\u00bb][et_pb_column type=\u00a0\u00bb4_4&Prime; _builder_version=\u00a0\u00bb4.22.1&Prime; _module_preset=\u00a0\u00bbdefault\u00a0\u00bb global_colors_info=\u00a0\u00bb{}\u00a0\u00bb][et_pb_text _builder_version=\u00a0\u00bb4.23.1&Prime; _module_preset=\u00a0\u00bbdefault\u00a0\u00bb global_colors_info=\u00a0\u00bb{}\u00a0\u00bb]<\/p>\n<h2><span style=\"text-decoration: underline; color: #ff0000;\"><strong>NOUVEAUX PACKS AVEC GOURDES REUTILISABLES\u00a0<\/strong><\/span><\/h2>\n<p>[\/et_pb_text][\/et_pb_column][\/et_pb_row][et_pb_row column_structure=\u00a0\u00bb1_2,1_2&Prime; _builder_version=\u00a0\u00bb4.22.1&Prime; _module_preset=\u00a0\u00bbdefault\u00a0\u00bb global_colors_info=\u00a0\u00bb{}\u00a0\u00bb][et_pb_column type=\u00a0\u00bb1_2&Prime; _builder_version=\u00a0\u00bb4.22.1&Prime; _module_preset=\u00a0\u00bbdefault\u00a0\u00bb global_colors_info=\u00a0\u00bb{}\u00a0\u00bb][et_pb_image src=\u00a0\u00bbhttps:\/\/gravity-neupre.com\/wp-content\/uploads\/2023\/10\/396150484_804267678125201_7196721987990516293_n-rotated.jpg\u00a0\u00bb title_text=\u00a0\u00bb396150484_804267678125201_7196721987990516293_n\u00a0\u00bb _builder_version=\u00a0\u00bb4.22.1&Prime; _module_preset=\u00a0\u00bbdefault\u00a0\u00bb global_colors_info=\u00a0\u00bb{}\u00a0\u00bb][\/et_pb_image][et_pb_image src=\u00a0\u00bbhttps:\/\/gravity-neupre.com\/wp-content\/uploads\/2023\/10\/369538371_715713870417167_6294782003665976122_n-rotated.jpg\u00a0\u00bb title_text=\u00a0\u00bb369538371_715713870417167_6294782003665976122_n\u00a0\u00bb _builder_version=\u00a0\u00bb4.22.1&Prime; _module_preset=\u00a0\u00bbdefault\u00a0\u00bb global_colors_info=\u00a0\u00bb{}\u00a0\u00bb][\/et_pb_image][\/et_pb_column][et_pb_column type=\u00a0\u00bb1_2&Prime; _builder_version=\u00a0\u00bb4.22.1&Prime; _module_preset=\u00a0\u00bbdefault\u00a0\u00bb global_colors_info=\u00a0\u00bb{}\u00a0\u00bb][et_pb_text _builder_version=\u00a0\u00bb4.22.1&Prime; _module_preset=\u00a0\u00bbdefault\u00a0\u00bb global_colors_info=\u00a0\u00bb{}\u00a0\u00bb]<\/p>\n<h3><span style=\"text-decoration: underline;\"><strong>PACK 1 PIRATE\u00a0 \u00a0 80\u20ac<\/strong><\/span><\/h3>\n<h4>&#8211; Machine 1 bac<\/h4>\n<h4>&#8211; 6 litres de produits pr\u00e9par\u00e9s au choix (+- 15 gourdes)<\/h4>\n<h4>&#8211; 10 gourdes PIRATES r\u00e9utilisables (40cl)<\/h4>\n<p>&nbsp;<\/p>\n<h3><span style=\"text-decoration: underline;\"><strong>PACK 2 PIRATE\u00a0 \u00a0 100\u20ac<\/strong><\/span><\/h3>\n<p><span style=\"text-decoration: underline;\"><strong><\/strong><\/span><\/p>\n<h4>&#8211; Machine 2 bacs<\/h4>\n<h4>&#8211; 12 litres de produits pr\u00e9par\u00e9s au choix (+- 30gourdes)<\/h4>\n<h4>&#8211; 2 go\u00fbts possibles en m\u00eame temps<\/h4>\n<h4>&#8211; 10 gourdes PIRATES r\u00e9utilisables (40cl)<\/h4>\n<p>&nbsp;<\/p>\n<h3><span style=\"text-decoration: underline;\"><strong>PACKS SUPPLEMENTAIRES<\/strong><\/span><\/h3>\n<p><span style=\"text-decoration: underline;\"><strong><\/strong><\/span><\/p>\n<p><span style=\"text-decoration: underline;\"><strong><\/strong><\/span><\/p>\n<h4>&#8211; 6 litres de produits pr\u00e9par\u00e9s &#8211; 10\u20ac (+- 15 gourdes)<\/h4>\n<h4>&#8211; Gourde suppl\u00e9mentaire &#8211; 3\u20ac<\/h4>\n<p>&nbsp;<\/p>\n<h4><strong><em>POSSIBILITE DE MIXER LES PACKS<\/em><\/strong><\/h4>\n<p><strong><em>(PIRATE &#8211; LICORNE &#8211; FOOTBALL)<\/em><\/strong><\/p>\n<p>[\/et_pb_text][\/et_pb_column][\/et_pb_row][et_pb_row column_structure=\u00a0\u00bb1_2,1_2&Prime; _builder_version=\u00a0\u00bb4.22.1&Prime; _module_preset=\u00a0\u00bbdefault\u00a0\u00bb global_colors_info=\u00a0\u00bb{}\u00a0\u00bb][et_pb_column type=\u00a0\u00bb1_2&Prime; _builder_version=\u00a0\u00bb4.22.1&Prime; _module_preset=\u00a0\u00bbdefault\u00a0\u00bb global_colors_info=\u00a0\u00bb{}\u00a0\u00bb][et_pb_image src=\u00a0\u00bbhttps:\/\/gravity-neupre.com\/wp-content\/uploads\/2023\/10\/370206886_766772875210336_7422784655611734398_n-rotated.jpg\u00a0\u00bb title_text=\u00a0\u00bb370206886_766772875210336_7422784655611734398_n\u00a0\u00bb _builder_version=\u00a0\u00bb4.22.1&Prime; _module_preset=\u00a0\u00bbdefault\u00a0\u00bb global_colors_info=\u00a0\u00bb{}\u00a0\u00bb][\/et_pb_image][et_pb_image src=\u00a0\u00bbhttps:\/\/gravity-neupre.com\/wp-content\/uploads\/2023\/10\/368516747_700477261698009_5896403246394489344_n-rotated.jpg\u00a0\u00bb title_text=\u00a0\u00bb368516747_700477261698009_5896403246394489344_n\u00a0\u00bb _builder_version=\u00a0\u00bb4.22.1&Prime; _module_preset=\u00a0\u00bbdefault\u00a0\u00bb global_colors_info=\u00a0\u00bb{}\u00a0\u00bb][\/et_pb_image][\/et_pb_column][et_pb_column type=\u00a0\u00bb1_2&Prime; _builder_version=\u00a0\u00bb4.22.1&Prime; _module_preset=\u00a0\u00bbdefault\u00a0\u00bb global_colors_info=\u00a0\u00bb{}\u00a0\u00bb][et_pb_text _builder_version=\u00a0\u00bb4.22.1&Prime; _module_preset=\u00a0\u00bbdefault\u00a0\u00bb global_colors_info=\u00a0\u00bb{}\u00a0\u00bb]<\/p>\n<h3><span style=\"text-decoration: underline;\"><strong>PACK 1 LICORNE\u00a0 \u00a0 \u00a080\u20ac<\/strong><\/span><\/h3>\n<h4>&#8211; Machine 1 bac<\/h4>\n<h4>&#8211; 6 litres de produits pr\u00e9par\u00e9s au choix (+-15 gourdes)<\/h4>\n<h4>&#8211; 10 gourdes LICORNES r\u00e9utilisables (40cl)<\/h4>\n<p>&nbsp;<\/p>\n<h3><span style=\"text-decoration: underline;\"><strong>PACK 2 LICORNE\u00a0 \u00a0100\u20ac<\/strong><\/span><\/h3>\n<p><span style=\"text-decoration: underline;\"><strong><\/strong><\/span><\/p>\n<h4>&#8211; Machine 2 bacs<\/h4>\n<h4>&#8211; 12 litres de produits pr\u00e9par\u00e9s au choix (+-30 gourdes)<\/h4>\n<h4>&#8211; 2 go\u00fbts possibles en m\u00eame temps<\/h4>\n<h4>&#8211; 10 gourdes LICORNES r\u00e9utilisables (40cl)<\/h4>\n<p>&nbsp;<\/p>\n<h3><span style=\"text-decoration: underline;\"><strong>PACKS SUPPLEMENTAIRES<\/strong><\/span><\/h3>\n<p><span style=\"text-decoration: underline;\"><strong><\/strong><\/span><\/p>\n<p><span style=\"text-decoration: underline;\"><strong><\/strong><\/span><\/p>\n<h4>&#8211; 6 litres de produits pr\u00e9par\u00e9s &#8211; 10\u20ac (+-15 gourdes)<\/h4>\n<h4>&#8211; Gourde suppl\u00e9mentaire &#8211; 3\u20ac<\/h4>\n<p>&nbsp;<\/p>\n<h4><strong><em>POSSIBILITE DE MIXER LES PACKS<\/em><\/strong><\/h4>\n<p><strong><em>(PIRATE &#8211; LICORNE &#8211; FOOTBALL)<\/em><\/strong><\/p>\n<p>[\/et_pb_text][\/et_pb_column][\/et_pb_row][et_pb_row column_structure=\u00a0\u00bb1_2,1_2&Prime; _builder_version=\u00a0\u00bb4.22.1&Prime; _module_preset=\u00a0\u00bbdefault\u00a0\u00bb global_colors_info=\u00a0\u00bb{}\u00a0\u00bb][et_pb_column type=\u00a0\u00bb1_2&Prime; _builder_version=\u00a0\u00bb4.22.1&Prime; _module_preset=\u00a0\u00bbdefault\u00a0\u00bb global_colors_info=\u00a0\u00bb{}\u00a0\u00bb][et_pb_image src=\u00a0\u00bbhttps:\/\/gravity-neupre.com\/wp-content\/uploads\/2023\/10\/370225226_228386283588045_931392350735284229_n-rotated.jpg\u00a0\u00bb title_text=\u00a0\u00bb370225226_228386283588045_931392350735284229_n\u00a0\u00bb _builder_version=\u00a0\u00bb4.22.1&Prime; _module_preset=\u00a0\u00bbdefault\u00a0\u00bb global_colors_info=\u00a0\u00bb{}\u00a0\u00bb][\/et_pb_image][et_pb_image src=\u00a0\u00bbhttps:\/\/gravity-neupre.com\/wp-content\/uploads\/2023\/10\/395836700_294296670154502_8289808162983859745_n-Copie-rotated.jpg\u00a0\u00bb title_text=\u00a0\u00bb395836700_294296670154502_8289808162983859745_n &#8211; Copie\u00a0\u00bb _builder_version=\u00a0\u00bb4.22.1&Prime; _module_preset=\u00a0\u00bbdefault\u00a0\u00bb global_colors_info=\u00a0\u00bb{}\u00a0\u00bb][\/et_pb_image][\/et_pb_column][et_pb_column type=\u00a0\u00bb1_2&Prime; _builder_version=\u00a0\u00bb4.22.1&Prime; _module_preset=\u00a0\u00bbdefault\u00a0\u00bb global_colors_info=\u00a0\u00bb{}\u00a0\u00bb][et_pb_text _builder_version=\u00a0\u00bb4.22.1&Prime; _module_preset=\u00a0\u00bbdefault\u00a0\u00bb global_colors_info=\u00a0\u00bb{}\u00a0\u00bb]<\/p>\n<h3><span style=\"text-decoration: underline;\"><strong>PACK 1 FOOTBALL\u00a0 \u00a0 \u00a080\u20ac<\/strong><\/span><\/h3>\n<h4>&#8211; Machine 1 bac<\/h4>\n<h4>&#8211; 6 litres de produits pr\u00e9par\u00e9s au choix (+-15 gourdes)<\/h4>\n<h4>&#8211; 10 gourdes FOOTBALL r\u00e9utilisables (40cl)<\/h4>\n<p>&nbsp;<\/p>\n<h3><span style=\"text-decoration: underline;\"><strong>PACK 2 FOOTBALL\u00a0 \u00a0100\u20ac<\/strong><\/span><\/h3>\n<p><span style=\"text-decoration: underline;\"><strong><\/strong><\/span><\/p>\n<h4>&#8211; Machine 2 bacs<\/h4>\n<h4>&#8211; 12 litres de produits pr\u00e9par\u00e9s au choix (+-30 gourdes)<\/h4>\n<h4>&#8211; 2 go\u00fbts possibles en m\u00eame temps<\/h4>\n<h4>&#8211; 10 gourdes FOOTBALL r\u00e9utilisables (40cl)<\/h4>\n<p>&nbsp;<\/p>\n<h3><span style=\"text-decoration: underline;\"><strong>PACKS SUPPLEMENTAIRES<\/strong><\/span><\/h3>\n<p><span style=\"text-decoration: underline;\"><strong><\/strong><\/span><\/p>\n<p><span style=\"text-decoration: underline;\"><strong><\/strong><\/span><\/p>\n<h4>&#8211; 6 litres de produits pr\u00e9par\u00e9s &#8211; 10\u20ac (+-15 gourdes)<\/h4>\n<h4>&#8211; Gourde suppl\u00e9mentaire &#8211; 3\u20ac<\/h4>\n<p>&nbsp;<\/p>\n<h4><strong><em>POSSIBILITE DE MIXER LES PACKS<\/em><\/strong><\/h4>\n<p><strong><em>(PIRATE &#8211; LICORNE &#8211; FOOTBALL)<\/em><\/strong><\/p>\n<p>[\/et_pb_text][\/et_pb_column][\/et_pb_row][\/et_pb_section][et_pb_section fb_built=\u00a0\u00bb1&Prime; _builder_version=\u00a0\u00bb4.16&Prime; _module_preset=\u00a0\u00bbdefault\u00a0\u00bb custom_padding=\u00a0\u00bb|||\u00a0\u00bb global_colors_info=\u00a0\u00bb{}\u00a0\u00bb][\/et_pb_section][et_pb_section fb_built=\u00a0\u00bb1&Prime; admin_label=\u00a0\u00bbSale &#038; Featured\u00a0\u00bb _builder_version=\u00a0\u00bb4.16&Prime; _module_preset=\u00a0\u00bbdefault\u00a0\u00bb background_position=\u00a0\u00bbtop_right\u00a0\u00bb global_colors_info=\u00a0\u00bb{}\u00a0\u00bb][\/et_pb_section]<\/p>\n","protected":false},"excerpt":{"rendered":"<p>GRANITACuve de 10L Location 50\u20ac la journ\u00e9e\u00a0 25\u20ac la journ\u00e9e suppl\u00e9mentaire La machine est lou\u00e9e avec 6L de sirop pr\u00eat \u00e0 l&#8217;emploi (+-25 granitas), 25 gobelets (20cl), 25 pailles inclus dans le prix 6 go\u00fbts FRAMBOISE,\u00a0TROPICAL, \u00a0PASTEQUE, CITRON, COLA\u00a0 Possibilit\u00e9 de commander plus de granitas Pack 6L de sirop pr\u00eat \u00e0 l&#8217;emploi + 25 gobelets [&hellip;]<\/p>\n","protected":false},"author":1,"featured_media":0,"parent":0,"menu_order":0,"comment_status":"closed","ping_status":"closed","template":"","meta":{"_et_pb_use_builder":"on","_et_pb_old_content":"","_et_gb_content_width":"","footnotes":""},"class_list":["post-63","page","type-page","status-publish","hentry"],"_links":{"self":[{"href":"https:\/\/gravity-neupre.com\/index.php?rest_route=\/wp\/v2\/pages\/63","targetHints":{"allow":["GET"]}}],"collection":[{"href":"https:\/\/gravity-neupre.com\/index.php?rest_route=\/wp\/v2\/pages"}],"about":[{"href":"https:\/\/gravity-neupre.com\/index.php?rest_route=\/wp\/v2\/types\/page"}],"author":[{"embeddable":true,"href":"https:\/\/gravity-neupre.com\/index.php?rest_route=\/wp\/v2\/users\/1"}],"replies":[{"embeddable":true,"href":"https:\/\/gravity-neupre.com\/index.php?rest_route=%2Fwp%2Fv2%2Fcomments&post=63"}],"version-history":[{"count":29,"href":"https:\/\/gravity-neupre.com\/index.php?rest_route=\/wp\/v2\/pages\/63\/revisions"}],"predecessor-version":[{"id":1044,"href":"https:\/\/gravity-neupre.com\/index.php?rest_route=\/wp\/v2\/pages\/63\/revisions\/1044"}],"wp:attachment":[{"href":"https:\/\/gravity-neupre.com\/index.php?rest_route=%2Fwp%2Fv2%2Fmedia&parent=63"}],"curies":[{"name":"wp","href":"https:\/\/api.w.org\/{rel}","templated":true}]}}