{"id":47,"date":"2022-06-29T14:08:43","date_gmt":"2022-06-29T14:08:43","guid":{"rendered":"https:\/\/gravity-neupre.com\/?page_id=47"},"modified":"2024-09-06T13:42:33","modified_gmt":"2024-09-06T13:42:33","slug":"carrosse","status":"publish","type":"page","link":"https:\/\/gravity-neupre.com\/?page_id=47","title":{"rendered":"Carrosse"},"content":{"rendered":"<p>[et_pb_section fb_built=\u00a0\u00bb1&Prime; admin_label=\u00a0\u00bbHero Section\u00a0\u00bb _builder_version=\u00a0\u00bb4.16&Prime; _module_preset=\u00a0\u00bbdefault\u00a0\u00bb use_background_color_gradient=\u00a0\u00bbon\u00a0\u00bb background_color_gradient_direction=\u00a0\u00bb131deg\u00a0\u00bb background_color_gradient_stops=\u00a0\u00bb#ff6a88 0%|#ff99ac 100%\u00a0\u00bb background_color_gradient_start=\u00a0\u00bb#ff6a88&Prime; background_color_gradient_end=\u00a0\u00bb#ff99ac\u00a0\u00bb custom_padding=\u00a0\u00bb80px|0px|80px|0px\u00a0\u00bb animation_style=\u00a0\u00bbslide\u00a0\u00bb animation_direction=\u00a0\u00bbtop\u00a0\u00bb animation_intensity_slide=\u00a0\u00bb2%\u00a0\u00bb animation_starting_opacity=\u00a0\u00bb100%\u00a0\u00bb locked=\u00a0\u00bboff\u00a0\u00bb global_colors_info=\u00a0\u00bb{}\u00a0\u00bb][et_pb_row _builder_version=\u00a0\u00bb4.16&Prime; _module_preset=\u00a0\u00bbdefault\u00a0\u00bb background_size=\u00a0\u00bbinitial\u00a0\u00bb background_position=\u00a0\u00bbtop_left\u00a0\u00bb background_repeat=\u00a0\u00bbrepeat\u00a0\u00bb custom_padding=\u00a0\u00bb|||\u00a0\u00bb custom_width_px=\u00a0\u00bb1440px\u00a0\u00bb global_colors_info=\u00a0\u00bb{}\u00a0\u00bb][et_pb_column type=\u00a0\u00bb4_4&Prime; _builder_version=\u00a0\u00bb4.16&Prime; _module_preset=\u00a0\u00bbdefault\u00a0\u00bb custom_padding=\u00a0\u00bb|||\u00a0\u00bb global_colors_info=\u00a0\u00bb{}\u00a0\u00bb custom_padding__hover=\u00a0\u00bb|||\u00a0\u00bb][et_pb_text _builder_version=\u00a0\u00bb4.17.4&Prime; _module_preset=\u00a0\u00bbdefault\u00a0\u00bb text_font=\u00a0\u00bb||||||||\u00a0\u00bb header_font=\u00a0\u00bbPlayfair Display|700|||||||\u00a0\u00bb header_text_color=\u00a0\u00bb#ffffff\u00a0\u00bb header_font_size=\u00a0\u00bb60px\u00a0\u00bb header_line_height=\u00a0\u00bb1.5em\u00a0\u00bb header_2_font=\u00a0\u00bb||||||||\u00a0\u00bb header_3_font=\u00a0\u00bb||||||||\u00a0\u00bb header_4_font=\u00a0\u00bb||||||||\u00a0\u00bb header_5_font=\u00a0\u00bb||||||||\u00a0\u00bb header_6_font=\u00a0\u00bb||||||||\u00a0\u00bb background_size=\u00a0\u00bbinitial\u00a0\u00bb background_position=\u00a0\u00bbtop_left\u00a0\u00bb background_repeat=\u00a0\u00bbrepeat\u00a0\u00bb text_orientation=\u00a0\u00bbcenter\u00a0\u00bb module_alignment=\u00a0\u00bbcenter\u00a0\u00bb custom_margin=\u00a0\u00bb||20px|\u00a0\u00bb locked=\u00a0\u00bboff\u00a0\u00bb global_colors_info=\u00a0\u00bb{}\u00a0\u00bb]<\/p>\n<h1>LE CARROSSE<\/h1>\n<p>[\/et_pb_text][et_pb_divider color=\u00a0\u00bb#f7d584&Prime; divider_weight=\u00a0\u00bb3px\u00a0\u00bb disabled_on=\u00a0\u00bbon|on|off\u00a0\u00bb _builder_version=\u00a0\u00bb4.16&Prime; _module_preset=\u00a0\u00bbdefault\u00a0\u00bb max_width=\u00a0\u00bb80px\u00a0\u00bb module_alignment=\u00a0\u00bbcenter\u00a0\u00bb height=\u00a0\u00bb10px\u00a0\u00bb custom_margin=\u00a0\u00bb||20px|\u00a0\u00bb animation_style=\u00a0\u00bbslide\u00a0\u00bb animation_direction=\u00a0\u00bbbottom\u00a0\u00bb saved_tabs=\u00a0\u00bball\u00a0\u00bb locked=\u00a0\u00bboff\u00a0\u00bb global_colors_info=\u00a0\u00bb{}\u00a0\u00bb][\/et_pb_divider][et_pb_text _builder_version=\u00a0\u00bb4.16&Prime; _module_preset=\u00a0\u00bbdefault\u00a0\u00bb text_font=\u00a0\u00bbPoppins||||||||\u00a0\u00bb text_text_color=\u00a0\u00bbrgba(255,255,255,0.8)\u00a0\u00bb text_font_size=\u00a0\u00bb18px\u00a0\u00bb text_line_height=\u00a0\u00bb1.8em\u00a0\u00bb header_font=\u00a0\u00bb||||||||\u00a0\u00bb text_orientation=\u00a0\u00bbcenter\u00a0\u00bb max_width=\u00a0\u00bb600px\u00a0\u00bb module_alignment=\u00a0\u00bbcenter\u00a0\u00bb locked=\u00a0\u00bboff\u00a0\u00bb global_colors_info=\u00a0\u00bb{}\u00a0\u00bb][\/et_pb_text][\/et_pb_column][\/et_pb_row][\/et_pb_section][et_pb_section fb_built=\u00a0\u00bb1&Prime; _builder_version=\u00a0\u00bb4.16&Prime; _module_preset=\u00a0\u00bbdefault\u00a0\u00bb custom_padding=\u00a0\u00bb160px|0px|54px|0px\u00a0\u00bb global_colors_info=\u00a0\u00bb{}\u00a0\u00bb][et_pb_row column_structure=\u00a0\u00bb1_2,1_2&Prime; make_equal=\u00a0\u00bbon\u00a0\u00bb _builder_version=\u00a0\u00bb4.17.4&Prime; _module_preset=\u00a0\u00bbdefault\u00a0\u00bb background_size=\u00a0\u00bbinitial\u00a0\u00bb background_position=\u00a0\u00bbtop_left\u00a0\u00bb background_repeat=\u00a0\u00bbrepeat\u00a0\u00bb module_alignment=\u00a0\u00bbcenter\u00a0\u00bb custom_margin=\u00a0\u00bb||100px|\u00a0\u00bb custom_padding=\u00a0\u00bb0px||0px|\u00a0\u00bb animation_style=\u00a0\u00bbslide\u00a0\u00bb animation_direction=\u00a0\u00bbtop\u00a0\u00bb animation_intensity_slide=\u00a0\u00bb2%\u00a0\u00bb animation_starting_opacity=\u00a0\u00bb100%\u00a0\u00bb box_shadow_style=\u00a0\u00bbpreset3&Prime; box_shadow_vertical=\u00a0\u00bb40px\u00a0\u00bb box_shadow_blur=\u00a0\u00bb50px\u00a0\u00bb box_shadow_color=\u00a0\u00bbrgba(0,0,0,0.1)\u00a0\u00bb global_colors_info=\u00a0\u00bb{}\u00a0\u00bb][et_pb_column type=\u00a0\u00bb1_2&Prime; _builder_version=\u00a0\u00bb4.16&Prime; _module_preset=\u00a0\u00bbdefault\u00a0\u00bb use_background_color_gradient=\u00a0\u00bbon\u00a0\u00bb background_color_gradient_direction=\u00a0\u00bb35deg\u00a0\u00bb background_color_gradient_stops=\u00a0\u00bb#ff6a88 0%|#ff99ac 100%\u00a0\u00bb background_color_gradient_start=\u00a0\u00bb#ff6a88&Prime; background_color_gradient_end=\u00a0\u00bb#ff99ac\u00a0\u00bb custom_padding=\u00a0\u00bb|5%||5%\u00a0\u00bb global_colors_info=\u00a0\u00bb{}\u00a0\u00bb custom_padding__hover=\u00a0\u00bb|||\u00a0\u00bb][et_pb_image src=\u00a0\u00bbhttps:\/\/gravity-neupre.com\/wp-content\/uploads\/2023\/10\/373490887_1648416189017193_2375169146655121925_n-rotated.jpg\u00a0\u00bb title_text=\u00a0\u00bb373490887_1648416189017193_2375169146655121925_n\u00a0\u00bb _builder_version=\u00a0\u00bb4.22.1&Prime; _module_preset=\u00a0\u00bbdefault\u00a0\u00bb global_colors_info=\u00a0\u00bb{}\u00a0\u00bb][\/et_pb_image][et_pb_image src=\u00a0\u00bbhttps:\/\/gravity-neupre.com\/wp-content\/uploads\/2023\/08\/20190626_205204-scaled.jpg\u00a0\u00bb title_text=\u00a0\u00bb20190626_205204&Prime; _builder_version=\u00a0\u00bb4.21.0&Prime; _module_preset=\u00a0\u00bbdefault\u00a0\u00bb global_colors_info=\u00a0\u00bb{}\u00a0\u00bb][\/et_pb_image][et_pb_image src=\u00a0\u00bbhttps:\/\/gravity-neupre.com\/wp-content\/uploads\/2023\/08\/20190626_205302-scaled.jpg\u00a0\u00bb title_text=\u00a0\u00bb20190626_205302&Prime; _builder_version=\u00a0\u00bb4.21.0&Prime; _module_preset=\u00a0\u00bbdefault\u00a0\u00bb global_colors_info=\u00a0\u00bb{}\u00a0\u00bb][\/et_pb_image][et_pb_image src=\u00a0\u00bbhttps:\/\/gravity-neupre.com\/wp-content\/uploads\/2023\/08\/20190626_205324-scaled.jpg\u00a0\u00bb title_text=\u00a0\u00bb20190626_205324&Prime; _builder_version=\u00a0\u00bb4.21.0&Prime; _module_preset=\u00a0\u00bbdefault\u00a0\u00bb global_colors_info=\u00a0\u00bb{}\u00a0\u00bb][\/et_pb_image][et_pb_image src=\u00a0\u00bbhttps:\/\/gravity-neupre.com\/wp-content\/uploads\/2023\/08\/20190626_205354-scaled.jpg\u00a0\u00bb title_text=\u00a0\u00bb20190626_205354&Prime; _builder_version=\u00a0\u00bb4.21.0&Prime; _module_preset=\u00a0\u00bbdefault\u00a0\u00bb global_colors_info=\u00a0\u00bb{}\u00a0\u00bb][\/et_pb_image][\/et_pb_column][et_pb_column type=\u00a0\u00bb1_2&Prime; _builder_version=\u00a0\u00bb4.16&Prime; _module_preset=\u00a0\u00bbdefault\u00a0\u00bb custom_padding=\u00a0\u00bb40px|40px|40px|40px\u00a0\u00bb global_colors_info=\u00a0\u00bb{}\u00a0\u00bb custom_padding__hover=\u00a0\u00bb|||\u00a0\u00bb][et_pb_divider color=\u00a0\u00bb#f7d584&Prime; divider_weight=\u00a0\u00bb3px\u00a0\u00bb disabled_on=\u00a0\u00bbon|on|off\u00a0\u00bb _builder_version=\u00a0\u00bb4.17.4&Prime; _module_preset=\u00a0\u00bbdefault\u00a0\u00bb max_width=\u00a0\u00bb80px\u00a0\u00bb module_alignment=\u00a0\u00bbleft\u00a0\u00bb height=\u00a0\u00bb10px\u00a0\u00bb custom_margin=\u00a0\u00bb||20px|\u00a0\u00bb animation_style=\u00a0\u00bbslide\u00a0\u00bb animation_direction=\u00a0\u00bbbottom\u00a0\u00bb saved_tabs=\u00a0\u00bball\u00a0\u00bb locked=\u00a0\u00bboff\u00a0\u00bb global_colors_info=\u00a0\u00bb{}\u00a0\u00bb][\/et_pb_divider][et_pb_text _builder_version=\u00a0\u00bb4.23.1&Prime; _module_preset=\u00a0\u00bbdefault\u00a0\u00bb text_font=\u00a0\u00bbPoppins||||||||\u00a0\u00bb text_text_color=\u00a0\u00bbrgba(0,0,0,0.4)\u00a0\u00bb text_font_size=\u00a0\u00bb16px\u00a0\u00bb text_line_height=\u00a0\u00bb1.9em\u00a0\u00bb header_font=\u00a0\u00bb||||||||\u00a0\u00bb header_2_font=\u00a0\u00bb||||||||\u00a0\u00bb width=\u00a0\u00bb69.1%\u00a0\u00bb module_alignment=\u00a0\u00bbcenter\u00a0\u00bb custom_margin=\u00a0\u00bb|-26px|30px|298px||\u00a0\u00bb custom_padding=\u00a0\u00bb|||0px||\u00a0\u00bb global_colors_info=\u00a0\u00bb{}\u00a0\u00bb]<\/p>\n<p class=\"font_9\"><span style=\"color: #000000;\"><span class=\"color_15\">Des heures de plaisir pour les petites filles<\/span><\/span><\/p>\n<p class=\"font_9\"><span style=\"color: #000000;\"><span class=\"color_15\"><span class=\"wixGuard\">\u200b\u200bDimension\u00a08M\u00a0X\u00a0 4,20M X 4,50M\u00a0<\/span><\/span><\/span><\/p>\n<p class=\"font_9\"><span style=\"color: #000000;\"><span class=\"color_15\">Grand toboggan 4M + zone de saut de 4M X4M<\/span><\/span><\/p>\n<p class=\"font_9\"><em><strong><span class=\"color_15\" style=\"color: #339966;\">\u00a0Dans un soucis de s\u00e9curit\u00e9, vous devez pr\u00e9venir si la structure gonflable sera install\u00e9e sur une dalle en b\u00e9ton<\/span><\/strong><\/em><\/p>\n<p class=\"font_9\"><span style=\"color: #ff0000;\"><strong><span class=\"color_15\">Espace n\u00e9cessaire 10M de long sur 5M de large<\/span><\/strong><\/span><\/p>\n<p class=\"font_9\"><span style=\"color: #000000;\"><span class=\"color_15\">Non couvert\u00a0<\/span><\/span><\/p>\n<p class=\"font_9\"><span class=\"wixGuard\">\u200b<\/span><strong><span style=\"color: #0000ff;\">PRIX<\/span><\/strong><\/p>\n<p class=\"font_9\"><span style=\"color: #0000ff;\"><strong><span class=\"color_19\">130 \u20ac la journ\u00e9e<\/span><\/strong><\/span><\/p>\n<p class=\"font_9\"><span style=\"color: #0000ff;\"><strong><span class=\"color_19\">190<\/span><span class=\"color_19\">\u00a0\u20ac\u00a0les deux jours<\/span><\/strong><\/span><\/p>\n<p class=\"font_9\"><span class=\"color_19\"><span><span class=\"wixGuard\">\u200b<\/span><\/span><\/span><span style=\"color: #000000;\"><span class=\"color_15\">Toutes nos structures gonflables sont livr\u00e9es, install\u00e9es et d\u00e9mont\u00e9es par nos soins<\/span><\/span><\/p>\n<p class=\"font_9\"><span style=\"color: #000000;\"><span class=\"color_15\"><span class=\"wixGuard\">\u200b<\/span><\/span>&#8211; Annulation gratuite en cas d&rsquo;intemp\u00e9rie<\/span><\/p>\n<p class=\"font_9\"><span style=\"color: #000000;\">&#8211; Aucun acompte demand\u00e9<\/span><\/p>\n<p class=\"font_9\"><span style=\"color: #000000;\"><span class=\"color_15\"><span class=\"wixGuard\">\u200b<\/span><\/span>Attention<span class=\"color_15\"> la livraison est GRATUITE dans un rayon de 20km autour de Neupr\u00e9<\/span><\/span><\/p>\n<p class=\"font_9\"><span style=\"color: #000000;\">Chaque structure gonflable est livr\u00e9e avec une allonge de 40m<\/span><\/p>\n<p>[\/et_pb_text][\/et_pb_column][\/et_pb_row][\/et_pb_section][et_pb_section fb_built=\u00a0\u00bb1&Prime; _builder_version=\u00a0\u00bb4.16&Prime; _module_preset=\u00a0\u00bbdefault\u00a0\u00bb custom_padding=\u00a0\u00bb|||\u00a0\u00bb global_colors_info=\u00a0\u00bb{}\u00a0\u00bb][et_pb_row _builder_version=\u00a0\u00bb4.17.6&Prime; _module_preset=\u00a0\u00bbdefault\u00a0\u00bb global_colors_info=\u00a0\u00bb{}\u00a0\u00bb][et_pb_column type=\u00a0\u00bb4_4&Prime; _builder_version=\u00a0\u00bb4.17.6&Prime; _module_preset=\u00a0\u00bbdefault\u00a0\u00bb global_colors_info=\u00a0\u00bb{}\u00a0\u00bb][et_pb_gallery gallery_ids=\u00a0\u00bb357,358,359,360&Prime; _builder_version=\u00a0\u00bb4.17.6&Prime; _module_preset=\u00a0\u00bbdefault\u00a0\u00bb global_colors_info=\u00a0\u00bb{}\u00a0\u00bb][\/et_pb_gallery][\/et_pb_column][\/et_pb_row][\/et_pb_section][et_pb_section fb_built=\u00a0\u00bb1&Prime; admin_label=\u00a0\u00bbSale &#038; Featured\u00a0\u00bb _builder_version=\u00a0\u00bb4.16&Prime; _module_preset=\u00a0\u00bbdefault\u00a0\u00bb background_position=\u00a0\u00bbtop_right\u00a0\u00bb global_colors_info=\u00a0\u00bb{}\u00a0\u00bb][\/et_pb_section]<\/p>\n","protected":false},"excerpt":{"rendered":"<p>LE CARROSSEDes heures de plaisir pour les petites filles \u200b\u200bDimension\u00a08M\u00a0X\u00a0 4,20M X 4,50M\u00a0 Grand toboggan 4M + zone de saut de 4M X4M \u00a0Dans un soucis de s\u00e9curit\u00e9, vous devez pr\u00e9venir si la structure gonflable sera install\u00e9e sur une dalle en b\u00e9ton Espace n\u00e9cessaire 10M de long sur 5M de large Non couvert\u00a0 \u200bPRIX 130 [&hellip;]<\/p>\n","protected":false},"author":1,"featured_media":0,"parent":0,"menu_order":0,"comment_status":"closed","ping_status":"closed","template":"","meta":{"_et_pb_use_builder":"on","_et_pb_old_content":"","_et_gb_content_width":"","footnotes":""},"class_list":["post-47","page","type-page","status-publish","hentry"],"_links":{"self":[{"href":"https:\/\/gravity-neupre.com\/index.php?rest_route=\/wp\/v2\/pages\/47","targetHints":{"allow":["GET"]}}],"collection":[{"href":"https:\/\/gravity-neupre.com\/index.php?rest_route=\/wp\/v2\/pages"}],"about":[{"href":"https:\/\/gravity-neupre.com\/index.php?rest_route=\/wp\/v2\/types\/page"}],"author":[{"embeddable":true,"href":"https:\/\/gravity-neupre.com\/index.php?rest_route=\/wp\/v2\/users\/1"}],"replies":[{"embeddable":true,"href":"https:\/\/gravity-neupre.com\/index.php?rest_route=%2Fwp%2Fv2%2Fcomments&post=47"}],"version-history":[{"count":16,"href":"https:\/\/gravity-neupre.com\/index.php?rest_route=\/wp\/v2\/pages\/47\/revisions"}],"predecessor-version":[{"id":926,"href":"https:\/\/gravity-neupre.com\/index.php?rest_route=\/wp\/v2\/pages\/47\/revisions\/926"}],"wp:attachment":[{"href":"https:\/\/gravity-neupre.com\/index.php?rest_route=%2Fwp%2Fv2%2Fmedia&parent=47"}],"curies":[{"name":"wp","href":"https:\/\/api.w.org\/{rel}","templated":true}]}}